{"id":1007,"date":"2017-05-17T13:36:41","date_gmt":"2017-05-17T20:36:41","guid":{"rendered":"https:\/\/history.wsu.edu\/history-newsletter\/?page_id=1007"},"modified":"2026-03-24T14:56:20","modified_gmt":"2026-03-24T21:56:20","slug":"2018-publications","status":"publish","type":"page","link":"https:\/\/history.wsu.edu\/history-newsletter\/2018-publications\/","title":{"rendered":"2018 Publications"},"content":{"rendered":"<header class=\"wsu-article-header \">\r\n\t<h1 class=\"wsu-article-header__title\">\r\n\t\tFaculty Publications\t<\/h1>\r\n\t\t<\/header>\r\n\n\n<div class=\"wsu-row pad-bottom wsu-row--single\" >\r\n    \n<div class=\"wsu-column\"  style=\"\">\r\n\t\n\n<h3><span style=\"color: #800000\">Jesse Spohnholz&#8217;s <em>The Convent of Wesel: The Event That Never Was and the Invention of Tradition<\/em> and other publications<\/span><\/h3>\n<p>Dr. Jesse Spohnholz\u2019s new book, <em>The Convent of Wesel: The Event That Never Was and the Invention of Tradition<\/em> <a href=\"https:\/\/history.wsu.edu\/history-newsletter\/2017-publications\/convent-of-wesel\/\" rel=\"attachment wp-att-1496\"><img decoding=\"async\" loading=\"lazy\" class=\"alignright wp-image-1496 size-thumbnail\" src=\"https:\/\/wpcdn.web.wsu.edu\/wp-cas\/uploads\/sites\/3205\/2018\/04\/convent-of-wesel-198x198.jpg\" alt=\"Detail of book cover &quot;The Convent of Wesel; The Event that Never Was and the Invention of Tradition.&quot;\" width=\"198\" height=\"198\"><\/a>(Cambridge University Press, 2017), centers on a mystery that has perplexed historians for centuries. Purportedly, the Convent of Wesel was a clandestine assembly of Protestant leaders in 1568 that helped establish the foundation for Reformed churches in the Dutch Republic and northwest Germany. Spohnholz shows it was a myth perpetuated by historians and record keepers since the 1600s. Appropriately then, his book offers not just a history of the Reformation but a reflection on the nature of historical inquiry itself. <em>The Convent of Wesel<\/em> begins by offering a detailed microhistory that solves the mystery, and then traces knowledge about this document over four and a half centuries through historical writing, archiving and centenary commemorations to show how historians and archivists created and shaped the mystery.<\/p>\n<p>The distinguished historian Merry E. Wiesner-Hanks calls the book, \u201cas gripping as any murder mystery\u201d and adds that \u201cIn our era of fake news and fabricated traditions, <em>The Convent of Wesel<\/em> provides both a cautionary tale and a defense of the practice of history.\u201d Another prominent historian, Mary Lindamann, has called the book \u201ca must read for all historians and not just for those interested in the Reformation or religious history.\u201d<\/p>\n<p><a href=\"https:\/\/history.wsu.edu\/history-newsletter\/2017-publications\/jesse\/\" rel=\"attachment wp-att-1495\"><img decoding=\"async\" loading=\"lazy\" class=\"alignleft wp-image-1495 size-thumbnail\" src=\"https:\/\/wpcdn.web.wsu.edu\/wp-cas\/uploads\/sites\/3205\/2018\/04\/jesse-198x198.jpg\" alt=\"Jesse Spohnholz.\" width=\"198\" height=\"198\"><\/a>About the same time, Spohnholz\u2019s coedited collection, <em>Archeologies of Confession: Writing the German Reformation, 1517\u20132017<\/em> appeared, just in time for the 500-year-anniversary of the German Reformation. The book carefully reconstructs the politics of remembering and forgetting elements of the Reformation over centuries, and offers ways of reconstructing the fascinating and often surprising histories of plurality that have otherwise been lost or obscured. The book appeared in the Berghahn Books\u2019 Spektrum series, published under the auspices of the German Studies Association.<\/p>\n<p>In the past year, articles by Spohnholz appeared in the scholarly journals <em>Church History<\/em> and&nbsp; <em>The Bulletin of the German Historical Institute<\/em> on the topics of the memory of the Reformation and religious toleration during Europe\u2019s Age of Religious Wars.<\/p>\n\n<\/div>\r\n\n<\/div>\n\n<div class=\"wsu-row wsu-color-background--gray-15 pad-bottom wsu-row--single\" >\r\n    \n<div class=\"wsu-column\"  style=\"\">\r\n\t\n\n<div>\n<h3><span style=\"color: #800000\">Sue Peabody publishes <em>Madeleine\u2019s Children: Family, Freedom, Secrets and Lies in France\u2019s Indian Ocean Colonies <\/em>and&nbsp;receives praise for other literary achievements<\/span><\/h3>\n<\/div>\n<div>\n<p>Professor Sue Peabody has published a new book: <em>Madeleine\u2019s Children: Family, Freedom, Secrets, and Lies in France\u2019s Indian Ocean Colonies<\/em>. <em>Madeleine\u2019s Children <\/em>is rare narrative in world history of an enslaved person <a href=\"https:\/\/history.wsu.edu\/history-newsletter\/2017-publications\/peabodybookresize\/\" rel=\"attachment wp-att-1499\"><img decoding=\"async\" loading=\"lazy\" class=\"alignright wp-image-1499 size-thumbnail\" src=\"https:\/\/wpcdn.web.wsu.edu\/wp-cas\/uploads\/sites\/3205\/2018\/04\/peabodybookresize-198x198.png\" alt=\"Detail of book cover &quot;Madeline's Children.&quot;\" width=\"198\" height=\"198\"><\/a>challenging his status in court and winning his freedom. It is the first full-length biography tracing slavery in the Indian Ocean world and contains a detailed family saga of love, betrayal, hope, and struggle set against the broader context of plantation slavery, Parisian society, and colonization.<\/p>\n<p><em>Madeleine\u2019s Children <\/em>has become the center of attention in the French historical community, and earned her multiple awards since its release. For more information on awards related to <em>Madeleine\u2019s Children: Family, Freedom, Secrets, and Lies in France\u2019s Indian Ocean Colonies, <\/em>please see our article in &#8220;<a href=\"https:\/\/history.wsu.edu\/history-newsletter\/2018-scholarships-and-awards\/\">Scholarships &amp; Awards<\/a>.&#8221;<\/p>\n<p><a href=\"https:\/\/history.wsu.edu\/history-newsletter\/2018-events-news\/sue-peabody\/\" rel=\"attachment wp-att-1105\"><img decoding=\"async\" loading=\"lazy\" class=\"alignleft wp-image-1105 size-thumbnail\" src=\"https:\/\/wpcdn.web.wsu.edu\/wp-cas\/uploads\/sites\/3205\/2017\/05\/sue-peabody-198x198.jpg\" alt=\"Sue Peabody in a library setting.\" width=\"198\" height=\"198\"><\/a>Sue Peabody&#8217;s&nbsp;2017-18 literary accomplishments&nbsp;further include&nbsp;the many articles listed below:<\/p>\n<\/div>\n<div>\u201cA Local View on Global Climate and Migration Patterns: The Impact of Cyclones and Drought on the Routier Family and their Slaves in Ile Bourbon (La R\u00e9union), 1770\u20131820.\u201d In <em>Bondage and the Environment in the Indian Ocean World<\/em>. <span lang=\"fr\">Edited by Gwyn Campbell. Palgrave-Macmillan, 2018. 123-142.<\/span><\/div>\n<div><span lang=\"fr\">&nbsp;<\/span><\/div>\n<div><span lang=\"fr\">\u201cPoursuivre en justice pour s\u2019affranchir: une forme de r\u00e9sistance? L&#8217;exemple de l&#8217;esclave Furcy\u201d in&nbsp; Special Issue: Les r\u00e9sistances \u00e0 l\u2019esclavage dans le monde atlantique fran\u00e7ais \u00e0 l\u00b9\u00e8re des R\u00e9volutions (1750-1850). Edited by Jean-Pierre Le Glaunec. <\/span><em><span lang=\"fr\">Revue d&#8217;histoire de l&#8217;Am\u00e9rique fran\u00e7aise, <\/span><\/em><span lang=\"fr\">71: 1-2 (Summer\/Autumn, 2017)&nbsp;: 35-57. <\/span><a href=\"https:\/\/www.erudit.org\/fr\/revues\/haf\/2017-v71-n1-2-haf03346\/\" target=\"_blank\" rel=\"noopener noreferrer\">https:\/\/www.erudit.org\/fr\/revues\/haf\/2017-v71-n1-2-haf03346\/<\/a><\/div>\n<div><\/div>\n<div><span lang=\"fr\">\u201c<\/span><span lang=\"fr\">S\u2019affranchir ou s\u2019enraciner ? Le droit fran\u00e7ais sur la migration des colonies \u00e0 la metropole \u00e0 l\u2019\u00e9poque de l\u2019esclavage.<\/span><span lang=\"fr\">\u201d In <\/span><span lang=\"fr\"><em>Arch\u00e9ologie des migrati<\/em>ons<\/span><span lang=\"fr\">, edited by Dominique Garcia and Herv\u00e9 Le Bras, (Paris: La D\u00e9couverte, 2017), pp. 317-327.<\/span><\/div>\n<div><span lang=\"fr\">&nbsp;<\/span><\/div>\n<div><span lang=\"fr\">\u201cLes enfants de Madeleine, esclaves \u00e0 l\u2019\u00eele Bourbon (XVIIIe-XIXe si\u00e8cle).\u201d <\/span><em><span lang=\"fr\">Clio&nbsp;: Femmes, Genre, Histoire<\/span><\/em><span lang=\"fr\"><em>.<\/em> Special Issue: Le nom des femmes. <\/span>Edited by Agn\u00e8s Fine et Christiane Klapisch-Zuber. 45 (Spring 2017): 171-84.<\/div>\n\n<\/div>\r\n\n<\/div>\n\n<div class=\"wsu-row pad-bottom wsu-row--single\" >\r\n    \n<div class=\"wsu-column\"  style=\"\">\r\n\t\n\n<h3><span style=\"color: #800000;\">Charles Weller edits the <em>21st-Century Narratives of World History: Global and Multidisciplinary Perspectives<\/em><\/span><\/h3>\n<p><a href=\"https:\/\/history.wsu.edu\/history-newsletter\/may-2016-homepage\/faculty-spotlight-2\/charles-weller_114x1321\/\" rel=\"attachment wp-att-261\"><img decoding=\"async\" loading=\"lazy\" class=\"alignright wp-image-261 size-full\" src=\"https:\/\/wpcdn.web.wsu.edu\/wp-cas\/uploads\/sites\/3205\/2016\/03\/charles-weller_114x1321.jpg\" alt=\"Charles Weller.\" width=\"114\" height=\"132\" \/><\/a>In late 2017, Dr. Charles Weller announced the release of his latest work, <em>21st-Century Narratives of World History: Global and Multidisciplinary Perspectives<\/em>. Find out more about this well-received collection of historical research and dialogue. Included below is an &#8220;about&#8221; excerpt from the publishing company.<\/p>\n<blockquote>\n<p><u><\/u><img decoding=\"async\" loading=\"lazy\" class=\"alignleft wp-image-1501\" src=\"https:\/\/wpcdn.web.wsu.edu\/wp-cas\/uploads\/sites\/3205\/2018\/04\/21st-cent-weller.jpg\" alt=\"Cover of book &quot;21st-Century Narratives of World History; Global and Multidisciplinary Perspectives,&quot; edited by R. Charles Weller.\" width=\"167\" height=\"236\" \/>&#8220;This book makes a unique and timely contribution to world\/global historical studies and related fields. It places essential world historical frameworks by top scholars in the field today in clear, direct relation to and conversation with one other, offering them opportunity to enrich, elucidate and, at times, <u><\/u>challenge one another. It thereby aims to: (1) offer world historians opportunity to critically reflect upon and refine their essential interpretational frameworks, (2) facilitate more effective and nuanced teaching and learning in and beyond the classroom, (3) provide accessible world historical contexts for specialized areas of historical as well as other fields of research in the humanities, social sciences and sciences, and (4) promote comparative historiographical critique which (a) helps identify continuing research questions for the field of world history in particular, as well as (b) further global peace and dialogue in relation to varying views of our ever-increasingly interconnected, interdependent, multicultural, and globalized world and its shared though diverse and sometimes contested history.&#8221;<\/p>\n<\/blockquote>\n\n<\/div>\r\n\n<\/div>\n\n<div class=\"wsu-row wsu-color-background--gray-15 pad-bottom wsu-row--single\" >\r\n    \n<div class=\"wsu-column\"  style=\"\">\r\n\t\n\n<h2 class=\"wp-block-heading\">Journal Articles, News Publications and Essays 2017-2018<\/h2>\n\n\n\n<h3><span style=\"color: #800000;\">Faculty publications to locate and read <\/span><\/h3>\n<ul>\n<li>We would like to recognize the arrival of Dr. Shawna Herzog\u2019s new article, \u201cDomesticating Labor: An Illicit Slave Trade to the British Straits Settlements, 1811 \u2013 1845.\u201d \u00a0It is part of a special edition of <em>The\u00a0Journal of World History<\/em> that\u00a0examines gender and empire. Released this January, her contribution demonstrates the ways gender complicated the enforcement of anti-slavery legislation on the colonial frontier. Please take a moment to <a href=\"https:\/\/ntserver1.wsulibs.wsu.edu:2371\/article\/683141\" target=\"_blank\" rel=\"noopener noreferrer\">read here<\/a>\u00a0and share!<\/li>\n<li>The department would like to share this <em>Seattle Times<\/em> article, &#8220;<a href=\"https:\/\/www.seattletimes.com\/opinion\/jerusalem-trumps-gift-to-evangelicals\/\" target=\"_blank\" rel=\"noopener noreferrer\">Jerusalem: Trump&#8217;s gift to evangelicals<\/a>,&#8221; penned by Dr. Matthew Sutton. Professor Sutton teaches courses in 20th-century United States history, cultural history, and religious history.<\/li>\n<li>Dr. Ashley Wright&#8217;s article, \u00a0\u201cNot just a place for the smoking of opium: the Indian opium den and imperial anxieties in the 1890s\u201d was published in the Summer 2017 edition of the<em> Journal of Colonialism and Colonial History<\/em>. <a href=\"https:\/\/muse.jhu.edu\/article\/665743\" target=\"_blank\" rel=\"noopener noreferrer\">Check out her article<\/a>!<\/li>\n<\/ul>\n\n<\/div>\r\n\n<\/div>","protected":false},"excerpt":{"rendered":"","protected":false},"author":45,"featured_media":0,"parent":0,"menu_order":0,"comment_status":"closed","ping_status":"closed","template":"","meta":[],"categories":[],"tags":[],"wsuwp_university_location":[],"wsuwp_university_org":[],"_links":{"self":[{"href":"https:\/\/history.wsu.edu\/history-newsletter\/wp-json\/wp\/v2\/pages\/1007"}],"collection":[{"href":"https:\/\/history.wsu.edu\/history-newsletter\/wp-json\/wp\/v2\/pages"}],"about":[{"href":"https:\/\/history.wsu.edu\/history-newsletter\/wp-json\/wp\/v2\/types\/page"}],"author":[{"embeddable":true,"href":"https:\/\/history.wsu.edu\/history-newsletter\/wp-json\/wp\/v2\/users\/45"}],"replies":[{"embeddable":true,"href":"https:\/\/history.wsu.edu\/history-newsletter\/wp-json\/wp\/v2\/comments?post=1007"}],"version-history":[{"count":46,"href":"https:\/\/history.wsu.edu\/history-newsletter\/wp-json\/wp\/v2\/pages\/1007\/revisions"}],"predecessor-version":[{"id":3546,"href":"https:\/\/history.wsu.edu\/history-newsletter\/wp-json\/wp\/v2\/pages\/1007\/revisions\/3546"}],"wp:attachment":[{"href":"https:\/\/history.wsu.edu\/history-newsletter\/wp-json\/wp\/v2\/media?parent=1007"}],"wp:term":[{"taxonomy":"category","embeddable":true,"href":"https:\/\/history.wsu.edu\/history-newsletter\/wp-json\/wp\/v2\/categories?post=1007"},{"taxonomy":"post_tag","embeddable":true,"href":"https:\/\/history.wsu.edu\/history-newsletter\/wp-json\/wp\/v2\/tags?post=1007"},{"taxonomy":"wsuwp_university_location","embeddable":true,"href":"https:\/\/history.wsu.edu\/history-newsletter\/wp-json\/wp\/v2\/wsuwp_university_location?post=1007"},{"taxonomy":"wsuwp_university_org","embeddable":true,"href":"https:\/\/history.wsu.edu\/history-newsletter\/wp-json\/wp\/v2\/wsuwp_university_org?post=1007"}],"curies":[{"name":"wp","href":"https:\/\/api.w.org\/{rel}","templated":true}]}}